{"id":553,"date":"2021-07-23T03:28:59","date_gmt":"2021-07-23T01:28:59","guid":{"rendered":"https:\/\/masters-reisen.de\/?page_id=553"},"modified":"2021-08-05T15:29:21","modified_gmt":"2021-08-05T13:29:21","slug":"agbs","status":"publish","type":"page","link":"https:\/\/masters-reisen.de\/en\/agbs\/","title":{"rendered":"Conditions"},"content":{"rendered":"<div data-elementor-type=\"wp-page\" data-elementor-id=\"553\" class=\"elementor elementor-553\" data-elementor-post-type=\"page\">\n\t\t\t\t\t\t<section class=\"elementor-section elementor-top-section elementor-element elementor-element-fd53a78 elementor-section-boxed elementor-section-height-default elementor-section-height-default\" data-id=\"fd53a78\" data-element_type=\"section\" data-e-type=\"section\">\n\t\t\t\t\t\t<div class=\"elementor-container elementor-column-gap-default\">\n\t\t\t\t\t<div class=\"elementor-column elementor-col-100 elementor-top-column elementor-element elementor-element-e766a3e\" data-id=\"e766a3e\" data-element_type=\"column\" data-e-type=\"column\">\n\t\t\t<div class=\"elementor-widget-wrap elementor-element-populated\">\n\t\t\t\t\t\t<div class=\"elementor-element elementor-element-9741f91 elementor-widget elementor-widget-text-editor\" data-id=\"9741f91\" data-element_type=\"widget\" data-e-type=\"widget\" data-widget_type=\"text-editor.default\">\n\t\t\t\t<div class=\"elementor-widget-container\">\n\t\t\t\t\t\t\t\t\t<p class=\"font8\"><span style=\"font-size: 9.0pt; font-family: 'Tahoma',sans-serif;\">Allg<b>emeine Vermittlungsbedingungen Agentur Masters-Reisen.de, ein Unternehmen der rush hour g+e e.K., Inh. Saskia Dettmer, nachfolgend nur noch Masters-Reisen.de.<\/b><\/span><\/p><p class=\"font8\"><span style=\"font-size: 9.0pt; font-family: 'Tahoma',sans-serif;\">Die Agentur Masters-Reisen.de tritt im Rahmen ihrer Vermittlungsleistungen auf diesen Seiten ausschlie\u00dflich als Vermittler von Leistungen (Fl\u00fcge, Pauschalreisen, Hotelbuchungen, Mietwagen usw.) auf. Im Falle einer Buchung, kommen die Leistung betreffenden Vertr\u00e4ge ausschlie\u00dflich zwischen Ihnen und dem jeweiligen Leistungserbringer \/ Reiseveranstalter zustande. Die nachfolgenden Bedingungen gelten daher ausschlie\u00dflich f\u00fcr unsere Vermittlungst\u00e4tigkeit. Sie haben keinerlei Einfluss auf die Bedingungen, zu denen die vermittelten Reisen erfolgen. Auf die entsprechenden Allgemeinen Gesch\u00e4ftsbedingungen der Reiseveranstalter oder sonstigen Leistungserbringer wird insoweit verwiesen. F\u00fcr von Ihnen gew\u00e4hlte Leistungen k\u00f6nnen besondere Regelungen und Einschr\u00e4nkungen gelten. Sollte dies der Fall sein, werden Sie vor der Buchung darauf gesondert hingewiesen.<\/span><\/p><p class=\"font8\"><span style=\"font-size: 9.0pt; font-family: 'Tahoma',sans-serif;\">1<b>) Leistungen der Masters-Reisen.de; Vermittlungsauftrag<\/b><\/span><\/p><p class=\"font8\"><span style=\"font-size: 9.0pt; font-family: 'Tahoma',sans-serif;\">1.1) Mit Abschluss des Buchungsvorgangs beauftragen Sie uns, eine Pauschalreise oder sonstige Leistung, die von einem Veranstalter oder dritten Anbieter erbracht wird, zu vermitteln. An Ihren Buchungsauftrag (Vertragsangebot) sind Sie f\u00fcr maximal 72 Stunden gebunden. Haben wir oder der Reiseveranstalter bis zu diesem Zeitpunkt nicht schriftlich, fernm\u00fcndlich, per E-Mail (elektronischer Post) oder in sonstiger Weise die Buchung oder Annahme Ihrer Buchungsanfrage best\u00e4tigt, so sind Sie an den Auftrag nicht mehr gebunden.<\/span><\/p><p class=\"font8\"><span style=\"font-size: 9.0pt; font-family: 'Tahoma',sans-serif;\">1.2) Unsere vertragliche Verpflichtung beschr\u00e4nkt sich auf die Vermittlung der angebotenen und vorhandenen Reisen oder Leistungen. Die Durchf\u00fchrung der Reisen oder Erbringung der Leistungen selbst z\u00e4hlt nicht zu unseren Vertragspflichten.<\/span><\/p><p class=\"font8\"><span style=\"font-size: 9.0pt; font-family: 'Tahoma',sans-serif;\">2) <b>Haftungsbeschr\u00e4nkung<\/b><\/span><\/p><p class=\"font8\"><span style=\"font-size: 9.0pt; font-family: 'Tahoma',sans-serif;\">2.1) Soweit wir eine entsprechende vertragliche Pflicht nicht durch ausdr\u00fcckliche Vereinbarung mit Ihnen \u00fcbernommen haben, haften wir nicht f\u00fcr das Zustandekommen von dem Buchungswunsch entsprechenden Vertr\u00e4gen mit den zu vermittelnden Reiseunternehmen.<\/span><\/p><p class=\"font8\"><span style=\"font-size: 9.0pt; font-family: 'Tahoma',sans-serif;\">2.2) Ohne ausdr\u00fcckliche diesbez\u00fcgliche Vereinbarung oder Zusicherung haften wir bez\u00fcglich der vermittelten Leistungen selbst nicht f\u00fcr M\u00e4ngel der Leistungserbringung und Personen- oder Sachsch\u00e4den, die Ihnen evtl. im Zusammenhang mit der vermittelten Reiseleistung entstehen. Bei der Vermittlung mehrerer touristischer Hauptleistungen (entsprechend dem gesetzlichen Begriff der Pauschalreise) gilt dies nicht, soweit der Reisevermittler gem. \u00a7 651 a Abs. 2 BGB den Anschein begr\u00fcndet, die vorgesehenen Reiseleistungen in eigener Verantwortung zu erbringen.<\/span><\/p><p class=\"font8\"><span style=\"font-size: 9.0pt; font-family: 'Tahoma',sans-serif;\">2.3) Unsere etwaige eigene Haftung aus der schuldhaften Verletzung von Vermittlerpflichten bleibt von den vorstehenden Bestimmungen unber\u00fchrt.<\/span><\/p><p class=\"font8\"><span style=\"font-size: 9.0pt; font-family: 'Tahoma',sans-serif;\">2.4) Soweit eine etwaige Pflichtverletzung nicht unsere vertraglichen Hauptpflichten betrifft, ist die Haftung auf Vorsatz und grobe Fahrl\u00e4ssigkeit beschr\u00e4nkt.<\/span><\/p><p class=\"font8\"><span style=\"font-size: 9.0pt; font-family: 'Tahoma',sans-serif;\">3) <b>Buchungsbest\u00e4tigung; Tickets<\/b><\/span><\/p><p class=\"font8\"><span style=\"font-size: 9.0pt; font-family: 'Tahoma',sans-serif;\">3.1) Die von Ihnen get\u00e4tigte Buchung gilt erst zu dem Zeitpunkt angenommen, zu dem Sie die Buchungsbest\u00e4tigung erhalten haben. Sie sind verpflichtet, die Ihnen zugegangene Buchungsbest\u00e4tigung unmittelbar auf ihre Richtigkeit hin zu \u00fcberpr\u00fcfen und ggf. auf Unrichtigkeiten oder Abweichungen unverz\u00fcglich hinzuweisen. Kommen Sie dieser Pflicht nicht nach, kann unsere Haftung bez\u00fcglich eines Ihnen entstehenden Schadens beschr\u00e4nkt oder ausgeschlossen sein.<\/span><\/p><p class=\"font8\"><span style=\"font-size: 9.0pt; font-family: 'Tahoma',sans-serif;\">3.2) Flugtickets werden Ihnen in der Regel unmittelbar per Post zugeleitet. In Ausnahmef\u00e4llen werden Tickets bei der Fluglinie f\u00fcr Sie hinterlegt. Elektronische Tickets werden an den entsprechenden Automaten im Flughafengeb\u00e4ude ausgegeben, oder per E-Mail an die von Ihnen angegebene Emailadresse versandt.<\/span><\/p><p class=\"font8\"><span style=\"font-size: 9.0pt; font-family: 'Tahoma',sans-serif;\">3.3) Im Fall von Pauschalreisen, Hotel- oder Mietwagenbuchungen erhalten Sie die Unterlagen per Post, kurzfristig bei Pauschalreisen auch am Flughafen, oder per E-Mail an die von Ihnen angegebene Emailadresse. Dieses wird Ihnen gesondert mitgeteilt.<\/span><\/p><p class=\"font8\"><span style=\"font-size: 9.0pt; font-family: 'Tahoma',sans-serif;\">4) <b>Umbuchungen, K\u00fcndigungen, Widerrufsrecht<\/b><\/span><\/p><p class=\"font8\"><span style=\"font-size: 9.0pt; font-family: 'Tahoma',sans-serif;\">4.1) Die Umbuchung oder K\u00fcndigung einer gebuchten und best\u00e4tigten Reise ist nur gem\u00e4\u00df den Bedingungen der gebuchten Reiseveranstalter oder Leistungserbringer m\u00f6glich. Eventuelle Unkosten f\u00fcr die Umbuchung oder zu zahlende Teilreiseverg\u00fctungen im Falle der Umbuchung richten sich ebenfalls nach den Bedingungen.<\/span><\/p><p class=\"font8\"><span style=\"font-size: 9.0pt; font-family: 'Tahoma',sans-serif;\">4.2) Im Falle eines endg\u00fcltigen R\u00fccktritts vom Vertrag durch Sie, richtet sich die H\u00f6he der hierf\u00fcr anfallenden Kosten nach den Bestimmungen des Reiseveranstalters oder Leistungserbringers.<\/span><\/p><p class=\"font8\"><span style=\"font-size: 9.0pt; font-family: 'Tahoma',sans-serif;\">4.3) Wir weisen darauf hin, dass nach den gesetzlichen Vorschriften der \u00a7\u00a7 312 ff. BGB f\u00fcr die angebotenen Leistungen kein Widerrufsrecht besteht, sondern lediglich die gesetzlichen R\u00fccktritts- und K\u00fcndigungsrechte gelten. Ein Widerrufsrecht besteht jedoch, wenn der Vertrag \u00fcber Reiseleistungen nach \u00a7 651a BGB au\u00dferhalb von Gesch\u00e4ftsr\u00e4umen (z. B. zu Hause) geschlossen worden ist, es sei denn, die m\u00fcndlichen Verhandlungen, auf denen der Vertragsschluss beruht, sind auf vorhergehende Bestellung des Verbrauchers gef\u00fchrt worden.<\/span><\/p><p class=\"font8\"><span style=\"font-size: 9.0pt; font-family: 'Tahoma',sans-serif;\">5) <b>Hinweise auf Pass-, Visa-, Devisen- oder Gesundheitsbestimmungen<\/b><\/span><\/p><p class=\"font8\"><span style=\"font-size: 9.0pt; font-family: 'Tahoma',sans-serif;\">Bei Hinweisen auf dieser Website zu Pass-, Visa-, Devisen- oder Gesundheitsbestimmungen Ihres Reiseziels wird angenommen, dass Sie deutscher Staatsb\u00fcrger sind. Ist dies nicht der Fall, wenden Sie sich bitte in Bezug auf diese Informationen an die f\u00fcr Sie zust\u00e4ndige Botschaft oder das Konsulat.<\/span><\/p><p class=\"font8\"><span style=\"font-size: 9.0pt; font-family: 'Tahoma',sans-serif;\">Da wir hinsichtlich dieser Informationen auf die Angaben Dritter (Reiseveranstalter oder Beh\u00f6rden) angewiesen sind und die einschl\u00e4gigen Bestimmungen jederzeit ge\u00e4ndert werden k\u00f6nnen, geben wir keine Zusicherungen oder Garantien hinsichtlich der Richtigkeit, Vollst\u00e4ndigkeit oder Aktualit\u00e4t dieser Informationen ab. Eine Haftung ist, soweit gesetzlich zul\u00e4ssig, ausgeschlossen.<\/span><\/p><p class=\"font8\"><span style=\"font-size: 9.0pt; font-family: 'Tahoma',sans-serif;\">6) <b>Gew\u00e4hrleistungen Ihrerseits; Haftung<\/b><\/span><\/p><p class=\"font8\"><span style=\"font-size: 9.0pt; font-family: 'Tahoma',sans-serif;\">6.1) Sie erkl\u00e4ren sich damit einverstanden, f\u00fcr jedwede Nutzung dieser Website durch Sie sowie f\u00fcr die Nutzung Ihres Kontos durch andere, insbesondere die in Ihrem Haushalt lebenden Minderj\u00e4hrigen (unter 18 Jahren), zu haften.<\/span><\/p><p class=\"font8\"><span style=\"font-size: 9.0pt; font-family: 'Tahoma',sans-serif;\">6.2) Sie erkl\u00e4ren sich damit einverstanden, jedwede Nutzung dieser Website, die durch Minderj\u00e4hrige in Ihrem Namen oder auf Ihre Rechnung erfolgt, zu \u00fcberwachen. Sie gew\u00e4hrleisten au\u00dferdem, dass alle Informationen, die von Ihnen, oder Mitgliedern Ihres Haushalts bei Nutzung dieser Website angegeben werden, richtig und vollst\u00e4ndig sind.<\/span><\/p><p class=\"font8\"><span style=\"font-size: 9.0pt; font-family: 'Tahoma',sans-serif;\">6.3) Jede spekulative, falsche oder in betr\u00fcgerischer Absicht erfolgte Reservierung oder jede Reservierung, die in der Erwartung einer gesteigerten Nachfrage erfolgt, ist ohne Einschr\u00e4nkung untersagt. Die M\u00f6glichkeiten zur Buchung von Reisen auf dieser Website d\u00fcrfen nur genutzt werden, um rechtm\u00e4\u00dfige Buchungen f\u00fcr Sie oder f\u00fcr eine andere Person vorzunehmen, in deren Namen Sie rechtm\u00e4\u00dfig handeln d\u00fcrfen.<\/span><\/p><p class=\"font8\"><span style=\"font-size: 9.0pt; font-family: 'Tahoma',sans-serif;\">7)<b> Sonstiges<\/b><\/span><\/p><p class=\"font8\"><span style=\"font-size: 9.0pt; font-family: 'Tahoma',sans-serif;\">Die bei uns angebotenen Reiseleistungen werden zum Teil direkt aus internationalen Reisebuchungssystemen eingespeist bzw. es wird auf diese direkt gelinkt. In solchen Reiseangeboten sind oft Regelungen in englischer Sprache enthalten, die auch Auswirkung auf Art und Umfang der angebotenen Reiseleistungen haben k\u00f6nnen. Sie erkennen hiermit an, dass im Verh\u00e4ltnis zu dem jeweiligen Reiseanbieter auch solche englischsprachigen Angaben Ihnen gegen\u00fcber Wirkung entfalten. Bei Verst\u00e4ndnisschwierigkeiten k\u00f6nnen Sie \u00fcber die angegebenen Servicenummern Hilfe erhalten.<\/span><\/p><p class=\"font8\"><span style=\"font-size: 9.0pt; font-family: 'Tahoma',sans-serif;\">8) <b>Nutzung der Website<\/b><\/span><\/p><p class=\"font8\"><span style=\"font-size: 9.0pt; font-family: 'Tahoma',sans-serif;\">8.1) Der Gebrauch dieser Website durch Sie wird unter der Bedingung Ihrer Einwilligung in die nachfolgenden Vorschriften gew\u00e4hrt. Wenn Sie mit diesen Vorschriften nicht einverstanden sind, dann sind Sie nicht berechtigt, diese Website zu benutzen.<\/span><\/p><p class=\"font8\"><span style=\"font-size: 9.0pt; font-family: 'Tahoma',sans-serif;\">8.2) Diese Website ist zu Ihrer pers\u00f6nlichen und nicht-kommerziellen Nutzung bestimmt. Sie d\u00fcrfen Informationen, Software, Produkte oder Serviceleistungen, die Sie \u00fcber diese Website erhalten, nicht ver\u00e4ndern, kopieren, vertreiben, \u00fcbertragen, ausstellen, vorf\u00fchren, vervielf\u00e4ltigen, ver\u00f6ffentlichen, lizensieren, davon keine abgeleiteten Werke erstellen und nicht abtreten oder verkaufen.<\/span><\/p><p class=\"font8\"><span style=\"font-size: 9.0pt; font-family: 'Tahoma',sans-serif;\">8.3) Sie d\u00fcrfen diese Website und die Services nicht dergestalt verwenden, dass Sie dadurch gegen geltendes Recht der Bundesrepublik Deutschland oder gegen diese Nutzungsbedingungen versto\u00dfen.<\/span><\/p><p class=\"font8\"><span style=\"font-size: 9.0pt; font-family: 'Tahoma',sans-serif;\">9) <b>Links zu Websites Dritter<\/b><\/span><\/p><p class=\"font8\"><span style=\"font-size: 9.0pt; font-family: 'Tahoma',sans-serif;\">Hyperlinks auf dieser Website und dem Reise \u2013 Newsletter, werden Ihnen nur als Hinweise zur Verf\u00fcgung gestellt. Wir kontrollieren solche Websites nicht und sind f\u00fcr deren Inhalte nicht verantwortlich. Die Einbeziehung von Hyperlinks solcher Websites impliziert weder eine Billigung des Materials auf solchen Websites noch eine Verbindung mit deren Betreibern<\/span><\/p><p class=\"font8\"><span style=\"font-size: 9.0pt; font-family: 'Tahoma',sans-serif;\">10) <b>Allgemeines<\/b><\/span><\/p><p class=\"font8\"><span style=\"font-size: 9.0pt; font-family: 'Tahoma',sans-serif;\">10.1) Diesen Regelungen und die zwischen Ihnen und uns zustande gekommene Vertragsbeziehung unterliegt deutschem Recht.<\/span><\/p><p class=\"font8\"><span style=\"font-size: 9.0pt; font-family: 'Tahoma',sans-serif;\">10.2) Falls sich eine Vorschrift dieser Vereinbarung dem geltenden Recht zufolge als ung\u00fcltig oder nicht durchsetzbar herausstellen sollte, wird die ung\u00fcltige oder nicht durchsetzbare Bestimmung durch eine solche g\u00fcltige, durchsetzbare Bestimmung ersetzt, die der Absicht der urspr\u00fcnglichen Bestimmung am n\u00e4chsten kommt. Die \u00fcbrigen Bestimmungen bleiben weiterhin g\u00fcltig.<\/span><\/p><p class=\"font8\"><span style=\"font-size: 9.0pt; font-family: 'Tahoma',sans-serif;\">10.3) Dieser Vertrag stellt die gesamte Vereinbarung zwischen Ihnen und uns im Hinblick auf diese Website dar und ersetzt alle sich hierauf beziehenden vorhergehenden oder gleichzeitigen Mitteilungen und Vorschl\u00e4ge, ob elektronisch, m\u00fcndlich oder schriftlich, zwischen Ihnen und der XXX.<\/span><\/p><p class=\"font8\"><span style=\"font-size: 9.0pt; font-family: 'Tahoma',sans-serif;\">11)<b> Anschrift\/Impressum<\/b><\/span><\/p><p class=\"font8\"><span style=\"font-size: 9.0pt; font-family: 'Tahoma',sans-serif;\">Masters-Reisen.de ein Unternehmen der rush hour g+e e.K., Saskia Dettmer, Buckower Damm 290, 12349 Berlin<\/span><\/p><p class=\"font8\"><b><span style=\"font-size: 9.0pt; font-family: 'Tahoma',sans-serif;\">Kontakt f\u00fcr Reiseanfragen:<\/span><\/b><\/p><p class=\"font8\"><span style=\"font-size: 9.0pt; font-family: 'Tahoma',sans-serif;\">F\u00fcr Reiseanfragen, die Ausarbeitung von Reisen, die nicht \u00fcber die Internetseite gebucht werden k\u00f6nnen, verwenden Sie bitte entweder unser Kontaktformular oder die <a href=\"mailto:info@masters-reisen.de\">info@masters-reisen.de<\/a><\/span><\/p><p class=\"font8\"><span style=\"font-size: 9.0pt; font-family: 'Tahoma',sans-serif;\"><b>Kontakt f\u00fcr allgemeine Kundenanfrage<\/b>n<\/span><\/p><p class=\"font8\"><span style=\"font-size: 9.0pt; font-family: 'Tahoma',sans-serif;\">Kontakt per Post:<\/span> <span style=\"font-size: 9.0pt; font-family: 'Tahoma',sans-serif;\">S&C Dettmer, Buckower Damm 290, 12349 Berlin<\/span><\/p><p class=\"font8\"><span style=\"font-size: 9.0pt; font-family: 'Tahoma',sans-serif;\">Verantwortlich f\u00fcr den Inhalt dieser Website:<\/span> <span style=\"font-size: 9.0pt; font-family: 'Tahoma',sans-serif;\">Christian Dettmer<\/span><\/p><p class=\"font8\"><b><span style=\"font-size: 9.0pt; font-family: 'Tahoma',sans-serif;\">12) Allgemeine Vermittlungsbedingungen der Agentur Masters-Reisen.de als Kopie zum download<\/span><\/b><\/p><p class=\"font8\"><span style=\"font-size: 9.0pt; font-family: 'Tahoma',sans-serif;\">Kopie der Allgemeinen Vermittlungsbedingungen der Agentur Masters-Reisen.de<\/span><\/p><p class=\"font8\"><span style=\"font-size: 9.0pt; font-family: 'Tahoma',sans-serif;\">Alle Texte, Bilder, Grafiken, Ton-, Video- und Animationsdateien unterliegen dem Urheberrecht und anderen Gesetzen zum Schutz geistigen Eigentums. Sie d\u00fcrfen weder f\u00fcr Handelszwecke oder zur Weitergabe kopiert, noch ver\u00e4ndert und auf anderen Web-Sites verwendet werden. Einige Internet-Seiten enthalten auch Bilder, die dem Urheberrecht derjenigen unterliegen, die diese zur Verf\u00fcgung gestellt haben. Die Gew\u00e4hrleistungsbedingungen entnehmen Sie bitte unseren allgemeinen Gesch\u00e4ftsbedingungen.<\/span><\/p><p class=\"font8\"><u><span style=\"font-size: 9.0pt; font-family: 'Tahoma',sans-serif;\">Masters-Reisen.de ist nicht f\u00fcr die Inhalte fremder Seiten verantwortlich, die Sie \u00fcber einen Link erreichen.<\/span><\/u><\/p><p class=\"font8\"><b><span style=\"font-size: 9.0pt; font-family: 'Tahoma',sans-serif;\">\u00a9 Copyright Mastres-Reisen.de. Alle Rechte vorbehalten.<\/span><\/b><\/p><p class=\"font8\"><span style=\"font-size: 9.0pt; font-family: 'Tahoma',sans-serif;\">Wir sind bem\u00fcht, eventuelle Meinungsverschiedenheiten aus unserem Vertrag einvernehmlich beizulegen. Dar\u00fcber hinaus sind wir zu einer Teilnahme an einem Schlichtungsverfahren nicht verpflichtet und k\u00f6nnen Ihnen die Teilnahme an einem solchen Verfahren leider auch nicht anbieten<\/span><\/p><p class=\"font8\"><b><span style=\"font-size: 9.0pt; font-family: 'Tahoma',sans-serif;\">F\u00fcr Gutscheine gilt:<\/span><\/b><\/p><p class=\"font8\"><span style=\"font-size: 9.0pt; font-family: 'Tahoma',sans-serif;\">Der Gutschein kann bei Masters Reisen.de f\u00fcr die Buchung von Reisen zum Masters-Tournament\/USA, eingel\u00f6st werden. Der Gutschein kann bis zum Ende des dritten Jahres nach dem Jahr des Ausstellungsdatums in voller H\u00f6he einmalig eingel\u00f6st werden. Der Gutschein kann nur vor Abschluss des Bestellvorgangs eingel\u00f6st werden. Eine nachtr\u00e4gliche Verrechnung ist nicht m\u00f6glich. Pro Bestellung\/Reise\/Person ist nur ein Gutschein einl\u00f6sbar. Der Gutschein kann nur f\u00fcr den Kauf von Waren\/Leistungen und nicht f\u00fcr den Kauf von weiteren Gutscheinen verwendet werden. Gutschein-Guthaben werden weder in Bargeld ausgezahlt noch verzinst. Der Gutschein ist nicht \u00fcbertragbar und darf nicht an dritte weitergegeben werden. Der Verk\u00e4ufer kann mit befreiender Wirkung an den jeweiligen Inhaber leisten. Dies gilt nicht, wenn der Verk\u00e4ufer Kenntnis oder grob fahrl\u00e4ssige Unkenntnis von der Nichtberechtigung, der Gesch\u00e4ftsunf\u00e4higkeit oder der fehlenden Vertretungsberechtigung des jeweiligen Inhabers hat. Unsere AGB k\u00f6nnen sie jederzeit unter einsehen.<\/span><\/p>\t\t\t\t\t\t\t\t<\/div>\n\t\t\t\t<\/div>\n\t\t\t\t\t<\/div>\n\t\t<\/div>\n\t\t\t\t\t<\/div>\n\t\t<\/section>\n\t\t\t\t<\/div>","protected":false},"excerpt":{"rendered":"<p>Allgemeine Vermittlungsbedingungen Agentur Masters-Reisen.de, ein Unternehmen der rush hour g+e e.K., Inh. Saskia Dettmer, nachfolgend nur noch Masters-Reisen.de. Die Agentur Masters-Reisen.de tritt im Rahmen ihrer Vermittlungsleistungen auf diesen Seiten ausschlie\u00dflich als Vermittler von Leistungen (Fl\u00fcge, Pauschalreisen, Hotelbuchungen, Mietwagen usw.) auf. &hellip; <a href=\"https:\/\/masters-reisen.de\/en\/agbs\/\">Read More<\/a><\/p>","protected":false},"author":1,"featured_media":0,"parent":0,"menu_order":1,"comment_status":"closed","ping_status":"closed","template":"","meta":{"footnotes":""},"class_list":["post-553","page","type-page","status-publish","hentry"],"_links":{"self":[{"href":"https:\/\/masters-reisen.de\/en\/wp-json\/wp\/v2\/pages\/553","targetHints":{"allow":["GET"]}}],"collection":[{"href":"https:\/\/masters-reisen.de\/en\/wp-json\/wp\/v2\/pages"}],"about":[{"href":"https:\/\/masters-reisen.de\/en\/wp-json\/wp\/v2\/types\/page"}],"author":[{"embeddable":true,"href":"https:\/\/masters-reisen.de\/en\/wp-json\/wp\/v2\/users\/1"}],"replies":[{"embeddable":true,"href":"https:\/\/masters-reisen.de\/en\/wp-json\/wp\/v2\/comments?post=553"}],"version-history":[{"count":13,"href":"https:\/\/masters-reisen.de\/en\/wp-json\/wp\/v2\/pages\/553\/revisions"}],"predecessor-version":[{"id":566,"href":"https:\/\/masters-reisen.de\/en\/wp-json\/wp\/v2\/pages\/553\/revisions\/566"}],"wp:attachment":[{"href":"https:\/\/masters-reisen.de\/en\/wp-json\/wp\/v2\/media?parent=553"}],"curies":[{"name":"wp","href":"https:\/\/api.w.org\/{rel}","templated":true}]}}