{"id":527,"date":"2021-07-23T03:24:14","date_gmt":"2021-07-23T01:24:14","guid":{"rendered":"https:\/\/masters-reisen.de\/?page_id=527"},"modified":"2025-12-23T16:29:21","modified_gmt":"2025-12-23T15:29:21","slug":"so-wohnen-si","status":"publish","type":"page","link":"https:\/\/masters-reisen.de\/en\/so-wohnen-si\/","title":{"rendered":"This is how you stay"},"content":{"rendered":"<div data-elementor-type=\"wp-page\" data-elementor-id=\"527\" class=\"elementor elementor-527\" data-elementor-post-type=\"page\">\n\t\t\t\t\t\t<section class=\"elementor-section elementor-top-section elementor-element elementor-element-387f5b6b elementor-section-full_width elementor-section-height-default elementor-section-height-default\" data-id=\"387f5b6b\" data-element_type=\"section\" data-e-type=\"section\">\n\t\t\t\t\t\t<div class=\"elementor-container elementor-column-gap-default\">\n\t\t\t\t\t<div class=\"elementor-column elementor-col-100 elementor-top-column elementor-element elementor-element-14fcc801\" data-id=\"14fcc801\" data-element_type=\"column\" data-e-type=\"column\">\n\t\t\t<div class=\"elementor-widget-wrap\">\n\t\t\t\t\t\t\t<\/div>\n\t\t<\/div>\n\t\t\t\t\t<\/div>\n\t\t<\/section>\n\t\t\t\t<section class=\"elementor-section elementor-top-section elementor-element elementor-element-7562657a elementor-section-full_width elementor-section-height-default elementor-section-height-default\" data-id=\"7562657a\" data-element_type=\"section\" data-e-type=\"section\">\n\t\t\t\t\t\t<div class=\"elementor-container elementor-column-gap-default\">\n\t\t\t\t\t<div class=\"elementor-column elementor-col-100 elementor-top-column elementor-element elementor-element-4d911f7e\" data-id=\"4d911f7e\" data-element_type=\"column\" data-e-type=\"column\">\n\t\t\t<div class=\"elementor-widget-wrap elementor-element-populated\">\n\t\t\t\t\t\t<div class=\"elementor-element elementor-element-479604a5 elementor--h-position-left elementor--v-position-top elementor-arrows-position-inside elementor-pagination-position-inside elementor-widget elementor-widget-slides\" data-id=\"479604a5\" data-element_type=\"widget\" data-e-type=\"widget\" data-settings=\"{&quot;navigation&quot;:&quot;both&quot;,&quot;autoplay&quot;:&quot;yes&quot;,&quot;pause_on_interaction&quot;:&quot;yes&quot;,&quot;autoplay_speed&quot;:5000,&quot;infinite&quot;:&quot;yes&quot;,&quot;transition&quot;:&quot;slide&quot;,&quot;transition_speed&quot;:500}\" data-widget_type=\"slides.default\">\n\t\t\t\t<div class=\"elementor-widget-container\">\n\t\t\t\t\t\t\t\t\t<div class=\"elementor-swiper\">\n\t\t\t\t\t<div class=\"elementor-slides-wrapper elementor-main-swiper swiper\" role=\"region\" aria-roledescription=\"carousel\" aria-label=\"Slider\" dir=\"ltr\" data-animation=\"fadeInUp\">\n\t\t\t\t<div class=\"swiper-wrapper elementor-slides\">\n\t\t\t\t\t\t\t\t\t\t<div class=\"elementor-repeater-item-e7fe420 swiper-slide\" role=\"group\" aria-roledescription=\"slide\"><div class=\"swiper-slide-bg\" role=\"img\" aria-label=\"Hacienda del Alamo\"><\/div><div class=\"swiper-slide-inner\" ><div class=\"swiper-slide-contents\"><div class=\"elementor-slide-heading\">Examples of staying at the Hacienda del Alamo<\/div><div class=\"elementor-slide-description\">This is how you stay<\/div><\/div><\/div><\/div><div class=\"elementor-repeater-item-8ac615d swiper-slide\" role=\"group\" aria-roledescription=\"slide\"><div class=\"swiper-slide-bg\" role=\"img\" aria-label=\"IMG_5533\"><\/div><div class=\"swiper-slide-inner\" ><div class=\"swiper-slide-contents\"><div class=\"elementor-slide-heading\">So Wohnen Sie<\/div><\/div><\/div><\/div><div class=\"elementor-repeater-item-2799241 swiper-slide\" role=\"group\" aria-roledescription=\"slide\"><div class=\"swiper-slide-bg\" role=\"img\" aria-label=\"IMG_4527\"><\/div><div class=\"swiper-slide-inner\" ><div class=\"swiper-slide-contents\"><div class=\"elementor-slide-heading\">So Wohnen Sie<\/div><\/div><\/div><\/div><div class=\"elementor-repeater-item-ad5dac7 swiper-slide\" role=\"group\" aria-roledescription=\"slide\"><div class=\"swiper-slide-bg\" role=\"img\" aria-label=\"Malasia_40_oder_42_Innen_und_au\u00dfen (3)\"><\/div><div class=\"swiper-slide-inner\" ><div class=\"swiper-slide-contents\"><div class=\"elementor-slide-heading\">So Wohnen Sie<\/div><\/div><\/div><\/div><div class=\"elementor-repeater-item-83eb385 swiper-slide\" role=\"group\" aria-roledescription=\"slide\"><div class=\"swiper-slide-bg\" role=\"img\" aria-label=\"Malasia_40_oder_42_Innen_und_au\u00dfen (8)\"><\/div><div class=\"swiper-slide-inner\" ><div class=\"swiper-slide-contents\"><div class=\"elementor-slide-heading\">So Wohnen Sie<\/div><\/div><\/div><\/div>\t\t\t\t<\/div>\n\t\t\t\t\t\t\t\t\t\t\t\t\t\t\t<div class=\"elementor-swiper-button elementor-swiper-button-prev\" role=\"button\" tabindex=\"0\" aria-label=\"Vorheriger Slide\">\n\t\t\t\t\t\t\t<i aria-hidden=\"true\" class=\"eicon-chevron-left\"><\/i>\t\t\t\t\t\t<\/div>\n\t\t\t\t\t\t<div class=\"elementor-swiper-button elementor-swiper-button-next\" role=\"button\" tabindex=\"0\" aria-label=\"N\u00e4chster Slide\">\n\t\t\t\t\t\t\t<i aria-hidden=\"true\" class=\"eicon-chevron-right\"><\/i>\t\t\t\t\t\t<\/div>\n\t\t\t\t\t\t\t\t\t\t\t\t\t\t\t\t<div class=\"swiper-pagination\"><\/div>\n\t\t\t\t\t\t\t\t\t\t\t\t<\/div>\n\t\t\t\t<\/div>\n\t\t\t\t\t\t\t\t<\/div>\n\t\t\t\t<\/div>\n\t\t\t\t<div class=\"elementor-element elementor-element-4f78e363 elementor-widget elementor-widget-text-editor\" data-id=\"4f78e363\" data-element_type=\"widget\" data-e-type=\"widget\" data-widget_type=\"text-editor.default\">\n\t\t\t\t<div class=\"elementor-widget-container\">\n\t\t\t\t\t\t\t\t\t<p style=\"text-align: center;\">With the following examples, we would like to show you just some of the possibilities of accommodation at the Hacienda del Alamo.<\/p><p style=\"text-align: center;\"><strong>Wir erlauben uns, sie darauf hinzuweisen, dass egal wo sie auf HDA wohnen, sie immer alle Restaurants, die Bars, die Sportanlagen \u2013 Fitness \u2013 Fu\u00dfball \u2013 Tennis \u2013 Padel u.v.m., den Supermarkt bzw. selbstverst\u00e4ndlich den Golfplatz mit seinem Clubhaus oder den Trainingsanlagen zu Fuss erreichen k\u00f6nnen.<\/strong><\/p><p style=\"text-align: center;\">Unsere vorgelagerte Stadt, Fuente Alamo mit ca. 16.000 Einwohner bietet alle Annehmlichkeiten einer kleinen Stadt. Die gro\u00dfen St\u00e4dte Cartagena mit ca. 175.000 Einwohner und dem Hafen oder die Landeshauptstadt Murcia mit seiner historischen Altstadt und mehr als ca. 500.000 Einwohner, erreichen sie jeweils in nur ca. 20 bis 30 Fahrminuten.<\/p><p>Die verschiedenen Str\u00e4nde am Mar Menor oder am Mittelmeer k\u00f6nnen sie nach 20 bis 30 Min. Fahrzeit erreichen.<\/p><p style=\"text-align: center;\"><span style=\"text-decoration: underline;\">Below are some impressions<\/span><\/p>\t\t\t\t\t\t\t\t<\/div>\n\t\t\t\t<\/div>\n\t\t\t\t<div class=\"elementor-element elementor-element-e3b6e22 elementor-view-default elementor-position-block-start elementor-mobile-position-block-start elementor-widget elementor-widget-icon-box\" data-id=\"e3b6e22\" data-element_type=\"widget\" data-e-type=\"widget\" data-widget_type=\"icon-box.default\">\n\t\t\t\t<div class=\"elementor-widget-container\">\n\t\t\t\t\t\t\t<div class=\"elementor-icon-box-wrapper\">\n\n\t\t\t\t\t\t<div class=\"elementor-icon-box-icon\">\n\t\t\t\t<span  class=\"elementor-icon\">\n\t\t\t\t<i aria-hidden=\"true\" class=\"fas fa-home\"><\/i>\t\t\t\t<\/span>\n\t\t\t<\/div>\n\t\t\t\n\t\t\t\n\t\t<\/div>\n\t\t\t\t\t\t<\/div>\n\t\t\t\t<\/div>\n\t\t\t\t\t<\/div>\n\t\t<\/div>\n\t\t\t\t\t<\/div>\n\t\t<\/section>\n\t\t\t\t<section class=\"elementor-section elementor-top-section elementor-element elementor-element-4823cac elementor-section-boxed elementor-section-height-default elementor-section-height-default\" data-id=\"4823cac\" data-element_type=\"section\" data-e-type=\"section\">\n\t\t\t\t\t\t<div class=\"elementor-container elementor-column-gap-default\">\n\t\t\t\t\t<div class=\"elementor-column elementor-col-100 elementor-top-column elementor-element elementor-element-1eb6c62\" data-id=\"1eb6c62\" data-element_type=\"column\" data-e-type=\"column\">\n\t\t\t<div class=\"elementor-widget-wrap elementor-element-populated\">\n\t\t\t\t\t\t<div class=\"elementor-element elementor-element-7e672a7 elementor-widget elementor-widget-text-editor\" data-id=\"7e672a7\" data-element_type=\"widget\" data-e-type=\"widget\" data-widget_type=\"text-editor.default\">\n\t\t\t\t<div class=\"elementor-widget-container\">\n\t\t\t\t\t\t\t\t\t<h5><strong><span style=\"color: #ff0000;\">Komfort-Apartments<\/span><\/strong><\/h5><h5><span style=\"color: #ff0000;\">2 Schlafzimmer, 2 B\u00e4der \u2013 Ideal f\u00fcr 4 erwachsene Personen oder Familien <\/span><\/h5><p><strong>Ca. 100 qm Wohnfl\u00e4che<\/strong> \u2013 Hell, Freundlich \u2013 EG (Barrierefrei) o. 1. OG\u00a0 \u2013 24 bis 30 qm Terrasse\/n<\/p><p>Ausgestattet jeweils mit 2 x B\u00e4der (1 x Wannen u. 1 x Duschbad) 2 x Schlafzimmer mit gro\u00dfen Einbauschr\u00e4nken, einen Wertsachentresor, einen gro\u00dfen Wohnbereich mit Fernseher (deutschsprachige Programme) und eine voll eingerichtete K\u00fcche mit K\u00fchlschrank, Herd, Tiefk\u00fchler, Waschmaschine sowie Parkplatz und riesige Community Pools zur freien Nutzung.<\/p><p>Gelegen in Mitte der Hacienda nur ca. 3 Min. zu Fu\u00df zum Supermarkt oder mehrere verschiedene Restaurants, Shops oder einem Spa in direkter Umgebung.<\/p><p>Ca. 5 Minuten zum Golfplatz oder zu allen anderen M\u00f6glichkeiten, welche die Hacienda so bietet.<\/p><p>Zugang zu den verschiedenen Community Poolbereichen mit Liegen, Duschen, Kinderbereichen und versehrten Lift.<\/p><p>Ideal f\u00fcr 4 erwachsene Personen oder Familien.<\/p><p><strong>Ausgestattet:<\/strong> mit Bettw\u00e4sche, Handt\u00fcchern, Internet (Glasfaser), Heizung, Klima, Strom, Endreinigung, Parkplatz.<\/p>\t\t\t\t\t\t\t\t<\/div>\n\t\t\t\t<\/div>\n\t\t\t\t<div class=\"elementor-element elementor-element-0cbd084 elementor-skin-carousel elementor-arrows-yes elementor-pagination-type-bullets elementor-pagination-position-outside elementor-widget elementor-widget-media-carousel\" data-id=\"0cbd084\" data-element_type=\"widget\" data-e-type=\"widget\" data-settings=\"{&quot;skin&quot;:&quot;carousel&quot;,&quot;effect&quot;:&quot;slide&quot;,&quot;show_arrows&quot;:&quot;yes&quot;,&quot;pagination&quot;:&quot;bullets&quot;,&quot;speed&quot;:500,&quot;autoplay&quot;:&quot;yes&quot;,&quot;autoplay_speed&quot;:5000,&quot;loop&quot;:&quot;yes&quot;,&quot;pause_on_hover&quot;:&quot;yes&quot;,&quot;pause_on_interaction&quot;:&quot;yes&quot;,&quot;space_between&quot;:{&quot;unit&quot;:&quot;px&quot;,&quot;size&quot;:10,&quot;sizes&quot;:[]},&quot;space_between_tablet&quot;:{&quot;unit&quot;:&quot;px&quot;,&quot;size&quot;:10,&quot;sizes&quot;:[]},&quot;space_between_mobile&quot;:{&quot;unit&quot;:&quot;px&quot;,&quot;size&quot;:10,&quot;sizes&quot;:[]}}\" data-widget_type=\"media-carousel.default\">\n\t\t\t\t<div class=\"elementor-widget-container\">\n\t\t\t\t\t\t\t\t\t<div class=\"elementor-swiper\">\n\t\t\t\t\t<div class=\"elementor-main-swiper swiper\" role=\"region\" aria-roledescription=\"carousel\" aria-label=\"Slider\">\n\t\t\t\t<div class=\"swiper-wrapper\">\n\t\t\t\t\t\t\t\t\t\t\t<div class=\"swiper-slide\" role=\"group\" aria-roledescription=\"slide\">\n\t\t\t\t\t\t\t\t\t<div class=\"elementor-carousel-image\" role=\"img\" aria-label=\"Malasia_40_oder_42_Innen_und_au\u00dfen (2)\" style=\"background-image: url(&#039;https:\/\/masters-reisen.de\/wp-content\/uploads\/2023\/05\/Malasia_40_oder_42_Innen_und_aussen-2.png&#039;)\">\n\n\t\t\t\n\t\t\t\t\t<\/div>\n\t\t\t\t\t\t\t\t<\/div>\n\t\t\t\t\t\t\t\t\t\t\t<div class=\"swiper-slide\" role=\"group\" aria-roledescription=\"slide\">\n\t\t\t\t\t\t\t\t\t<div class=\"elementor-carousel-image\" role=\"img\" aria-label=\"Malasia_40_oder_42_Innen_und_au\u00dfen (8)\" style=\"background-image: url(&#039;https:\/\/masters-reisen.de\/wp-content\/uploads\/2023\/05\/Malasia_40_oder_42_Innen_und_aussen-8.png&#039;)\">\n\n\t\t\t\n\t\t\t\t\t<\/div>\n\t\t\t\t\t\t\t\t<\/div>\n\t\t\t\t\t\t\t\t\t\t\t<div class=\"swiper-slide\" role=\"group\" aria-roledescription=\"slide\">\n\t\t\t\t\t\t\t\t\t<div class=\"elementor-carousel-image\" role=\"img\" aria-label=\"Malasia_40_oder_42_Innen_und_au\u00dfen (4)\" style=\"background-image: url(&#039;https:\/\/masters-reisen.de\/wp-content\/uploads\/2023\/05\/Malasia_40_oder_42_Innen_und_aussen-4.jpg&#039;)\">\n\n\t\t\t\n\t\t\t\t\t<\/div>\n\t\t\t\t\t\t\t\t<\/div>\n\t\t\t\t\t\t\t\t\t\t\t<div class=\"swiper-slide\" role=\"group\" aria-roledescription=\"slide\">\n\t\t\t\t\t\t\t\t\t<div class=\"elementor-carousel-image\" role=\"img\" aria-label=\"Malasia_40_oder_42_Innen_und_au\u00dfen (3)\" style=\"background-image: url(&#039;https:\/\/masters-reisen.de\/wp-content\/uploads\/2023\/05\/Malasia_40_oder_42_Innen_und_aussen-3.jpg&#039;)\">\n\n\t\t\t\n\t\t\t\t\t<\/div>\n\t\t\t\t\t\t\t\t<\/div>\n\t\t\t\t\t\t\t\t\t\t\t<div class=\"swiper-slide\" role=\"group\" aria-roledescription=\"slide\">\n\t\t\t\t\t\t\t\t\t<div class=\"elementor-carousel-image\" role=\"img\" aria-label=\"Bilder_El_Oasis_Apartment_und_Au\u00dfenanlagen (5)\" style=\"background-image: url(&#039;https:\/\/masters-reisen.de\/wp-content\/uploads\/2023\/05\/Bilder_El_Oasis_Apartment_und_Aussenanlagen-5-scaled.jpeg&#039;)\">\n\n\t\t\t\n\t\t\t\t\t<\/div>\n\t\t\t\t\t\t\t\t<\/div>\n\t\t\t\t\t\t\t\t\t\t\t<div class=\"swiper-slide\" role=\"group\" aria-roledescription=\"slide\">\n\t\t\t\t\t\t\t\t\t<div class=\"elementor-carousel-image\" role=\"img\" aria-label=\"Bilder_El_Oasis_Apartment_und_Au\u00dfenanlagen (1)\" style=\"background-image: url(&#039;https:\/\/masters-reisen.de\/wp-content\/uploads\/2023\/05\/Bilder_El_Oasis_Apartment_und_Aussenanlagen-1-scaled.jpeg&#039;)\">\n\n\t\t\t\n\t\t\t\t\t<\/div>\n\t\t\t\t\t\t\t\t<\/div>\n\t\t\t\t\t\t\t\t\t\t\t<div class=\"swiper-slide\" role=\"group\" aria-roledescription=\"slide\">\n\t\t\t\t\t\t\t\t\t<div class=\"elementor-carousel-image\" role=\"img\" aria-label=\"Malasia_40_oder_42_Innen_und_au\u00dfen (3)\" style=\"background-image: url(&#039;https:\/\/masters-reisen.de\/wp-content\/uploads\/2023\/05\/Malasia_40_oder_42_Innen_und_aussen-3-scaled.jpeg&#039;)\">\n\n\t\t\t\n\t\t\t\t\t<\/div>\n\t\t\t\t\t\t\t\t<\/div>\n\t\t\t\t\t\t\t\t\t\t\t<div class=\"swiper-slide\" role=\"group\" aria-roledescription=\"slide\">\n\t\t\t\t\t\t\t\t\t<div class=\"elementor-carousel-image\" role=\"img\" aria-label=\"Pool Hacienda del Alamo\" style=\"background-image: url(&#039;https:\/\/masters-reisen.de\/wp-content\/uploads\/2022\/07\/90EC5F68-CBD4-4381-9EE3-B4F7A3D86464.jpeg&#039;)\">\n\n\t\t\t\n\t\t\t\t\t<\/div>\n\t\t\t\t\t\t\t\t<\/div>\n\t\t\t\t\t\t\t\t\t\t\t<div class=\"swiper-slide\" role=\"group\" aria-roledescription=\"slide\">\n\t\t\t\t\t\t\t\t\t<div class=\"elementor-carousel-image\" role=\"img\" aria-label=\"Malasia_40_oder_42_Innen_und_au\u00dfen (7)\" style=\"background-image: url(&#039;https:\/\/masters-reisen.de\/wp-content\/uploads\/2023\/05\/Malasia_40_oder_42_Innen_und_aussen-7.jpg&#039;)\">\n\n\t\t\t\n\t\t\t\t\t<\/div>\n\t\t\t\t\t\t\t\t<\/div>\n\t\t\t\t\t\t\t\t\t\t\t<div class=\"swiper-slide\" role=\"group\" aria-roledescription=\"slide\">\n\t\t\t\t\t\t\t\t\t<div class=\"elementor-carousel-image\" role=\"img\" aria-label=\"Malasia_40_oder_42_Innen_und_au\u00dfen (2)\" style=\"background-image: url(&#039;https:\/\/masters-reisen.de\/wp-content\/uploads\/2023\/05\/Malasia_40_oder_42_Innen_und_aussen-2.jpg&#039;)\">\n\n\t\t\t\n\t\t\t\t\t<\/div>\n\t\t\t\t\t\t\t\t<\/div>\n\t\t\t\t\t\t\t\t\t\t\t<div class=\"swiper-slide\" role=\"group\" aria-roledescription=\"slide\">\n\t\t\t\t\t\t\t\t\t<div class=\"elementor-carousel-image\" role=\"img\" aria-label=\"Malasia_40_oder_42_Innen_und_au\u00dfen (5)\" style=\"background-image: url(&#039;https:\/\/masters-reisen.de\/wp-content\/uploads\/2023\/05\/Malasia_40_oder_42_Innen_und_aussen-5.jpg&#039;)\">\n\n\t\t\t\n\t\t\t\t\t<\/div>\n\t\t\t\t\t\t\t\t<\/div>\n\t\t\t\t\t\t\t\t\t\t\t<div class=\"swiper-slide\" role=\"group\" aria-roledescription=\"slide\">\n\t\t\t\t\t\t\t\t\t<div class=\"elementor-carousel-image\" role=\"img\" aria-label=\"El_Oasis_Karte\" style=\"background-image: url(&#039;https:\/\/masters-reisen.de\/wp-content\/uploads\/2023\/05\/El_Oasis_Karte-scaled.jpg&#039;)\">\n\n\t\t\t\n\t\t\t\t\t<\/div>\n\t\t\t\t\t\t\t\t<\/div>\n\t\t\t\t\t\t\t\t\t\t\t<div class=\"swiper-slide\" role=\"group\" aria-roledescription=\"slide\">\n\t\t\t\t\t\t\t\t\t<div class=\"elementor-carousel-image\" role=\"img\" aria-label=\"Malasia_40_oder_42_Innen_und_au\u00dfen (1)\" style=\"background-image: url(&#039;https:\/\/masters-reisen.de\/wp-content\/uploads\/2023\/05\/Malasia_40_oder_42_Innen_und_aussen-1-scaled.jpeg&#039;)\">\n\n\t\t\t\n\t\t\t\t\t<\/div>\n\t\t\t\t\t\t\t\t<\/div>\n\t\t\t\t\t\t\t\t\t\t\t<div class=\"swiper-slide\" role=\"group\" aria-roledescription=\"slide\">\n\t\t\t\t\t\t\t\t\t<div class=\"elementor-carousel-image\" role=\"img\" aria-label=\"Malasia_40_oder_42_Innen_und_au\u00dfen (4)\" style=\"background-image: url(&#039;https:\/\/masters-reisen.de\/wp-content\/uploads\/2023\/05\/Malasia_40_oder_42_Innen_und_aussen-4.png&#039;)\">\n\n\t\t\t\n\t\t\t\t\t<\/div>\n\t\t\t\t\t\t\t\t<\/div>\n\t\t\t\t\t\t\t\t\t\t\t<div class=\"swiper-slide\" role=\"group\" aria-roledescription=\"slide\">\n\t\t\t\t\t\t\t\t\t<div class=\"elementor-carousel-image\" role=\"img\" aria-label=\"IMG_7838\" style=\"background-image: url(&#039;https:\/\/masters-reisen.de\/wp-content\/uploads\/2025\/12\/IMG_7838.jpeg&#039;)\">\n\n\t\t\t\n\t\t\t\t\t<\/div>\n\t\t\t\t\t\t\t\t<\/div>\n\t\t\t\t\t\t\t\t\t\t\t<div class=\"swiper-slide\" role=\"group\" aria-roledescription=\"slide\">\n\t\t\t\t\t\t\t\t\t<div class=\"elementor-carousel-image\" role=\"img\" aria-label=\"IMG_7835\" style=\"background-image: url(&#039;https:\/\/masters-reisen.de\/wp-content\/uploads\/2025\/12\/IMG_7835.jpeg&#039;)\">\n\n\t\t\t\n\t\t\t\t\t<\/div>\n\t\t\t\t\t\t\t\t<\/div>\n\t\t\t\t\t\t\t\t\t\t\t<div class=\"swiper-slide\" role=\"group\" aria-roledescription=\"slide\">\n\t\t\t\t\t\t\t\t\t<div class=\"elementor-carousel-image\" role=\"img\" aria-label=\"IMG_7172\" style=\"background-image: url(&#039;https:\/\/masters-reisen.de\/wp-content\/uploads\/2025\/12\/IMG_7172-scaled.jpeg&#039;)\">\n\n\t\t\t\n\t\t\t\t\t<\/div>\n\t\t\t\t\t\t\t\t<\/div>\n\t\t\t\t\t\t\t\t\t\t\t<div class=\"swiper-slide\" role=\"group\" aria-roledescription=\"slide\">\n\t\t\t\t\t\t\t\t\t<div class=\"elementor-carousel-image\" role=\"img\" aria-label=\"IMG_7387\" style=\"background-image: url(&#039;https:\/\/masters-reisen.de\/wp-content\/uploads\/2025\/12\/IMG_7387.jpeg&#039;)\">\n\n\t\t\t\n\t\t\t\t\t<\/div>\n\t\t\t\t\t\t\t\t<\/div>\n\t\t\t\t\t\t\t\t\t\t\t<div class=\"swiper-slide\" role=\"group\" aria-roledescription=\"slide\">\n\t\t\t\t\t\t\t\t\t<div class=\"elementor-carousel-image\" role=\"img\" aria-label=\"IMG_8335\" style=\"background-image: url(&#039;https:\/\/masters-reisen.de\/wp-content\/uploads\/2025\/12\/IMG_8335-scaled.jpeg&#039;)\">\n\n\t\t\t\n\t\t\t\t\t<\/div>\n\t\t\t\t\t\t\t\t<\/div>\n\t\t\t\t\t\t\t\t\t\t\t<div class=\"swiper-slide\" role=\"group\" aria-roledescription=\"slide\">\n\t\t\t\t\t\t\t\t\t<div class=\"elementor-carousel-image\" role=\"img\" aria-label=\"IMG_6683\" style=\"background-image: url(&#039;https:\/\/masters-reisen.de\/wp-content\/uploads\/2025\/12\/IMG_6683.jpeg&#039;)\">\n\n\t\t\t\n\t\t\t\t\t<\/div>\n\t\t\t\t\t\t\t\t<\/div>\n\t\t\t\t\t\t\t\t\t\t\t<div class=\"swiper-slide\" role=\"group\" aria-roledescription=\"slide\">\n\t\t\t\t\t\t\t\t\t<div class=\"elementor-carousel-image\" role=\"img\" aria-label=\"IMG_6058\" style=\"background-image: url(&#039;https:\/\/masters-reisen.de\/wp-content\/uploads\/2025\/12\/IMG_6058-scaled.jpeg&#039;)\">\n\n\t\t\t\n\t\t\t\t\t<\/div>\n\t\t\t\t\t\t\t\t<\/div>\n\t\t\t\t\t\t\t\t\t\t\t<div class=\"swiper-slide\" role=\"group\" aria-roledescription=\"slide\">\n\t\t\t\t\t\t\t\t\t<div class=\"elementor-carousel-image\" role=\"img\" aria-label=\"IMG_6072\" style=\"background-image: url(&#039;https:\/\/masters-reisen.de\/wp-content\/uploads\/2025\/12\/IMG_6072-scaled.jpeg&#039;)\">\n\n\t\t\t\n\t\t\t\t\t<\/div>\n\t\t\t\t\t\t\t\t<\/div>\n\t\t\t\t\t\t\t\t\t\t\t<div class=\"swiper-slide\" role=\"group\" aria-roledescription=\"slide\">\n\t\t\t\t\t\t\t\t\t<div class=\"elementor-carousel-image\" role=\"img\" aria-label=\"IMG_7468\" style=\"background-image: url(&#039;https:\/\/masters-reisen.de\/wp-content\/uploads\/2025\/12\/IMG_7468.jpeg&#039;)\">\n\n\t\t\t\n\t\t\t\t\t<\/div>\n\t\t\t\t\t\t\t\t<\/div>\n\t\t\t\t\t\t\t\t\t\t\t<div class=\"swiper-slide\" role=\"group\" aria-roledescription=\"slide\">\n\t\t\t\t\t\t\t\t\t<div class=\"elementor-carousel-image\" role=\"img\" aria-label=\"4b2434e4-49a5-496e-b88b-fe3d1e90205a\" style=\"background-image: url(&#039;https:\/\/masters-reisen.de\/wp-content\/uploads\/2025\/12\/4b2434e4-49a5-496e-b88b-fe3d1e90205a.jpeg&#039;)\">\n\n\t\t\t\n\t\t\t\t\t<\/div>\n\t\t\t\t\t\t\t\t<\/div>\n\t\t\t\t\t\t\t\t\t\t\t<div class=\"swiper-slide\" role=\"group\" aria-roledescription=\"slide\">\n\t\t\t\t\t\t\t\t\t<div class=\"elementor-carousel-image\" role=\"img\" aria-label=\"418BE7AD-97B0-4301-BC72-B50348AC9344\" style=\"background-image: url(&#039;https:\/\/masters-reisen.de\/wp-content\/uploads\/2025\/12\/418BE7AD-97B0-4301-BC72-B50348AC9344-scaled.jpeg&#039;)\">\n\n\t\t\t\n\t\t\t\t\t<\/div>\n\t\t\t\t\t\t\t\t<\/div>\n\t\t\t\t\t\t\t\t\t\t\t<div class=\"swiper-slide\" role=\"group\" aria-roledescription=\"slide\">\n\t\t\t\t\t\t\t\t\t<div class=\"elementor-carousel-image\" role=\"img\" aria-label=\"IMG_4141\" style=\"background-image: url(&#039;https:\/\/masters-reisen.de\/wp-content\/uploads\/2025\/12\/IMG_4141.jpeg&#039;)\">\n\n\t\t\t\n\t\t\t\t\t<\/div>\n\t\t\t\t\t\t\t\t<\/div>\n\t\t\t\t\t\t\t\t\t\t\t<div class=\"swiper-slide\" role=\"group\" aria-roledescription=\"slide\">\n\t\t\t\t\t\t\t\t\t<div class=\"elementor-carousel-image\" role=\"img\" aria-label=\"IMG_3783\" style=\"background-image: url(&#039;https:\/\/masters-reisen.de\/wp-content\/uploads\/2025\/12\/IMG_3783-scaled.jpeg&#039;)\">\n\n\t\t\t\n\t\t\t\t\t<\/div>\n\t\t\t\t\t\t\t\t<\/div>\n\t\t\t\t\t\t\t\t\t\t\t<div class=\"swiper-slide\" role=\"group\" aria-roledescription=\"slide\">\n\t\t\t\t\t\t\t\t\t<div class=\"elementor-carousel-image\" role=\"img\" aria-label=\"IMG_4149\" style=\"background-image: url(&#039;https:\/\/masters-reisen.de\/wp-content\/uploads\/2025\/12\/IMG_4149-scaled.jpeg&#039;)\">\n\n\t\t\t\n\t\t\t\t\t<\/div>\n\t\t\t\t\t\t\t\t<\/div>\n\t\t\t\t\t\t\t\t\t\t\t<div class=\"swiper-slide\" role=\"group\" aria-roledescription=\"slide\">\n\t\t\t\t\t\t\t\t\t<div class=\"elementor-carousel-image\" role=\"img\" aria-label=\"IMG_5922\" style=\"background-image: url(&#039;https:\/\/masters-reisen.de\/wp-content\/uploads\/2025\/12\/IMG_5922.jpeg&#039;)\">\n\n\t\t\t\n\t\t\t\t\t<\/div>\n\t\t\t\t\t\t\t\t<\/div>\n\t\t\t\t\t\t\t\t\t\t\t<div class=\"swiper-slide\" role=\"group\" aria-roledescription=\"slide\">\n\t\t\t\t\t\t\t\t\t<div class=\"elementor-carousel-image\" role=\"img\" aria-label=\"IMG_4826\" style=\"background-image: url(&#039;https:\/\/masters-reisen.de\/wp-content\/uploads\/2025\/12\/IMG_4826.jpeg&#039;)\">\n\n\t\t\t\n\t\t\t\t\t<\/div>\n\t\t\t\t\t\t\t\t<\/div>\n\t\t\t\t\t\t\t\t\t<\/div>\n\t\t\t\t\t\t\t\t\t\t\t\t\t\t\t<div class=\"elementor-swiper-button elementor-swiper-button-prev\" role=\"button\" tabindex=\"0\" aria-label=\"Voriger\">\n\t\t\t\t\t\t\t<i aria-hidden=\"true\" class=\"eicon-chevron-left\"><\/i>\t\t\t\t\t\t<\/div>\n\t\t\t\t\t\t<div class=\"elementor-swiper-button elementor-swiper-button-next\" role=\"button\" tabindex=\"0\" aria-label=\"N\u00e4chster\">\n\t\t\t\t\t\t\t<i aria-hidden=\"true\" class=\"eicon-chevron-right\"><\/i>\t\t\t\t\t\t<\/div>\n\t\t\t\t\t\t\t\t\t\t\t\t\t\t\t\t<div class=\"swiper-pagination\"><\/div>\n\t\t\t\t\t\t\t\t\t\t\t\t<\/div>\n\t\t\t\t<\/div>\n\t\t\t\t\t\t\t\t<\/div>\n\t\t\t\t<\/div>\n\t\t\t\t\t<\/div>\n\t\t<\/div>\n\t\t\t\t\t<\/div>\n\t\t<\/section>\n\t\t\t\t<\/div>","protected":false},"excerpt":{"rendered":"<p>Wohnbeispiele auf der Hacienda del AlamoSo wohnen SieSo Wohnen SieSo Wohnen SieSo Wohnen SieSo Wohnen Sie Mit den nachfolgenden Beispielen, m\u00f6chten wir ihnen nur einige der M\u00f6glichkeiten der Unterbringung auf der Hacienda del Alamo, aufzeigen. Wir erlauben uns, sie darauf &hellip; <a href=\"https:\/\/masters-reisen.de\/en\/so-wohnen-si\/\">Read More<\/a><\/p>","protected":false},"author":1,"featured_media":0,"parent":0,"menu_order":8,"comment_status":"closed","ping_status":"closed","template":"","meta":{"footnotes":""},"class_list":["post-527","page","type-page","status-publish","hentry"],"_links":{"self":[{"href":"https:\/\/masters-reisen.de\/en\/wp-json\/wp\/v2\/pages\/527","targetHints":{"allow":["GET"]}}],"collection":[{"href":"https:\/\/masters-reisen.de\/en\/wp-json\/wp\/v2\/pages"}],"about":[{"href":"https:\/\/masters-reisen.de\/en\/wp-json\/wp\/v2\/types\/page"}],"author":[{"embeddable":true,"href":"https:\/\/masters-reisen.de\/en\/wp-json\/wp\/v2\/users\/1"}],"replies":[{"embeddable":true,"href":"https:\/\/masters-reisen.de\/en\/wp-json\/wp\/v2\/comments?post=527"}],"version-history":[{"count":362,"href":"https:\/\/masters-reisen.de\/en\/wp-json\/wp\/v2\/pages\/527\/revisions"}],"predecessor-version":[{"id":3528,"href":"https:\/\/masters-reisen.de\/en\/wp-json\/wp\/v2\/pages\/527\/revisions\/3528"}],"wp:attachment":[{"href":"https:\/\/masters-reisen.de\/en\/wp-json\/wp\/v2\/media?parent=527"}],"curies":[{"name":"wp","href":"https:\/\/api.w.org\/{rel}","templated":true}]}}