{"id":3048,"date":"2023-07-04T15:09:39","date_gmt":"2023-07-04T13:09:39","guid":{"rendered":"https:\/\/masters-reisen.de\/?page_id=3048"},"modified":"2025-12-23T15:31:15","modified_gmt":"2025-12-23T14:31:15","slug":"angebote","status":"publish","type":"page","link":"https:\/\/masters-reisen.de\/en\/angebote\/","title":{"rendered":"Angebote"},"content":{"rendered":"<div data-elementor-type=\"wp-page\" data-elementor-id=\"3048\" class=\"elementor elementor-3048\" data-elementor-post-type=\"page\">\n\t\t\t\t\t\t<section class=\"elementor-section elementor-top-section elementor-element elementor-element-30e5272f elementor-section-full_width elementor-section-height-default elementor-section-height-default\" data-id=\"30e5272f\" data-element_type=\"section\" data-e-type=\"section\">\n\t\t\t\t\t\t<div class=\"elementor-container elementor-column-gap-default\">\n\t\t\t\t\t<div class=\"elementor-column elementor-col-100 elementor-top-column elementor-element elementor-element-7c1a169c\" data-id=\"7c1a169c\" data-element_type=\"column\" data-e-type=\"column\">\n\t\t\t<div class=\"elementor-widget-wrap elementor-element-populated\">\n\t\t\t\t\t\t<div class=\"elementor-element elementor-element-2953fb82 elementor-widget elementor-widget-heading\" data-id=\"2953fb82\" data-element_type=\"widget\" data-e-type=\"widget\" data-widget_type=\"heading.default\">\n\t\t\t\t<div class=\"elementor-widget-container\">\n\t\t\t\t\t<h1 class=\"elementor-heading-title elementor-size-xxl\">ANGEBOTE<\/h1>\t\t\t\t<\/div>\n\t\t\t\t<\/div>\n\t\t\t\t\t<\/div>\n\t\t<\/div>\n\t\t\t\t\t<\/div>\n\t\t<\/section>\n\t\t\t\t<section class=\"elementor-section elementor-top-section elementor-element elementor-element-31e259f elementor-section-boxed elementor-section-height-default elementor-section-height-default\" data-id=\"31e259f\" data-element_type=\"section\" data-e-type=\"section\">\n\t\t\t\t\t\t<div class=\"elementor-container elementor-column-gap-default\">\n\t\t\t\t\t<div class=\"elementor-column elementor-col-100 elementor-top-column elementor-element elementor-element-5c196e25\" data-id=\"5c196e25\" data-element_type=\"column\" data-e-type=\"column\">\n\t\t\t<div class=\"elementor-widget-wrap elementor-element-populated\">\n\t\t\t\t\t\t<div class=\"elementor-element elementor-element-308cbc9 elementor-widget elementor-widget-text-editor\" data-id=\"308cbc9\" data-element_type=\"widget\" data-e-type=\"widget\" data-widget_type=\"text-editor.default\">\n\t\t\t\t<div class=\"elementor-widget-container\">\n\t\t\t\t\t\t\t\t\t<p>Nachfolgend pr\u00e4sentieren wir ihnen aktuelle Angebote zu Reisen; Hardware odgl..<\/p><p><strong>With us, experience your dream!<\/strong><\/p>\t\t\t\t\t\t\t\t<\/div>\n\t\t\t\t<\/div>\n\t\t\t\t\t<\/div>\n\t\t<\/div>\n\t\t\t\t\t<\/div>\n\t\t<\/section>\n\t\t\t\t<section class=\"elementor-section elementor-top-section elementor-element elementor-element-1ac42fae elementor-section-full_width elementor-section-height-default elementor-section-height-default\" data-id=\"1ac42fae\" data-element_type=\"section\" data-e-type=\"section\">\n\t\t\t\t\t\t<div class=\"elementor-container elementor-column-gap-default\">\n\t\t\t\t\t<div class=\"elementor-column elementor-col-100 elementor-top-column elementor-element elementor-element-8115c97\" data-id=\"8115c97\" data-element_type=\"column\" data-e-type=\"column\">\n\t\t\t<div class=\"elementor-widget-wrap elementor-element-populated\">\n\t\t\t\t\t\t<div class=\"elementor-element elementor-element-47555d3 elementor-view-default elementor-widget elementor-widget-icon\" data-id=\"47555d3\" data-element_type=\"widget\" data-e-type=\"widget\" data-widget_type=\"icon.default\">\n\t\t\t\t<div class=\"elementor-widget-container\">\n\t\t\t\t\t\t\t<div class=\"elementor-icon-wrapper\">\n\t\t\t<div class=\"elementor-icon\">\n\t\t\t<i aria-hidden=\"true\" class=\"fas fa-mobile-alt\"><\/i>\t\t\t<\/div>\n\t\t<\/div>\n\t\t\t\t\t\t<\/div>\n\t\t\t\t<\/div>\n\t\t\t\t<div class=\"elementor-element elementor-element-616a018d elementor-widget elementor-widget-text-editor\" data-id=\"616a018d\" data-element_type=\"widget\" data-e-type=\"widget\" data-widget_type=\"text-editor.default\">\n\t\t\t\t<div class=\"elementor-widget-container\">\n\t\t\t\t\t\t\t\t\t<p><strong>Hallo liebe\/r Golfer,<\/strong><\/p><p><strong>sollten wir nachfolgend mit unseren Angeboten euer Interesse geweckt haben, dann meldet euch bitte sofort\u00a0<\/strong><\/p><p><strong>per E-Mail unter <span style=\"color: #ff0000;\"><a style=\"color: #ff0000;\" href=\"https:\/\/masters-reisen.de\/en\/kontakt\/\">info@masters-reisen.de<\/a><\/span> oder telefonisch unter <span style=\"color: #ff0000;\">+49\/ 172\/ 32 32 034<\/span> bei uns.\u00a0<\/strong><\/p><p><strong>Gern senden wir euch f\u00fcr eure Buchung die ausf\u00fchrlichen Angebote zu und stehen euch auch jederzeit f\u00fcr Fragen zur Verf\u00fcgung. <br \/><\/strong><\/p><p><em><span style=\"color: #ff0000;\">Wir weisen ausdr\u00fccklich darauf hin, dass unsere Angebote nur so lange gelten, wie Pl\u00e4tze vorhanden sind. Weiterhin handelt es sich teilweise um Vermittlungsangebote f\u00fcr Drittanbieter. Nachfolgend sind jeweils Kurzfassungen der\/s jeweiligen Angebote\/s, welches wir euch gern mit ausf\u00fchrlichen Daten auf Anfrage \u00fcbersenden. Es gelten ausschlie\u00dflich unsere Reisebedingungen. Alle Angaben sind ohne Gew\u00e4hr. F\u00fcr Druckfehler keine Haftung. Wir behalten uns ggbf. Preisanpassungen aus aktuellem Anlass vor.<\/span><\/em><strong><br \/><\/strong><\/p><p><strong>Zum Lesen der folgenden Angebote einfach mit der Maus drauf bleiben\/zeigen!<br \/><\/strong><\/p>\t\t\t\t\t\t\t\t<\/div>\n\t\t\t\t<\/div>\n\t\t\t\t<div class=\"elementor-element elementor-element-c638caf elementor-arrows-position-inside elementor-widget elementor-widget-image-carousel\" data-id=\"c638caf\" data-element_type=\"widget\" data-e-type=\"widget\" data-settings=\"{&quot;slides_to_show&quot;:&quot;1&quot;,&quot;navigation&quot;:&quot;arrows&quot;,&quot;lazyload&quot;:&quot;yes&quot;,&quot;effect&quot;:&quot;fade&quot;,&quot;autoplay&quot;:&quot;yes&quot;,&quot;pause_on_hover&quot;:&quot;yes&quot;,&quot;pause_on_interaction&quot;:&quot;yes&quot;,&quot;autoplay_speed&quot;:5000,&quot;infinite&quot;:&quot;yes&quot;,&quot;speed&quot;:500}\" data-widget_type=\"image-carousel.default\">\n\t\t\t\t<div class=\"elementor-widget-container\">\n\t\t\t\t\t\t\t<div class=\"elementor-image-carousel-wrapper swiper\" role=\"region\" aria-roledescription=\"carousel\" aria-label=\"Bild Karussell\" dir=\"ltr\">\n\t\t\t<div class=\"elementor-image-carousel swiper-wrapper\" aria-live=\"off\">\n\t\t\t\t\t\t\t\t<div class=\"swiper-slide\" role=\"group\" aria-roledescription=\"slide\" aria-label=\"1 von 2\"><figure class=\"swiper-slide-inner\"><img class=\"swiper-slide-image swiper-lazy\" data-src=\"https:\/\/masters-reisen.de\/wp-content\/uploads\/2025\/12\/IMG_8343.jpeg\" alt=\"Angebot 2026\" \/><div class=\"swiper-lazy-preloader\"><\/div><\/figure><\/div><div class=\"swiper-slide\" role=\"group\" aria-roledescription=\"slide\" aria-label=\"2 von 2\"><figure class=\"swiper-slide-inner\"><img class=\"swiper-slide-image swiper-lazy\" data-src=\"https:\/\/masters-reisen.de\/wp-content\/uploads\/2025\/12\/IMG_8344.jpeg\" alt=\"Angebot_2026_S2\" \/><div class=\"swiper-lazy-preloader\"><\/div><\/figure><\/div>\t\t\t<\/div>\n\t\t\t\t\t\t\t\t\t\t\t\t<div class=\"elementor-swiper-button elementor-swiper-button-prev\" role=\"button\" tabindex=\"0\">\n\t\t\t\t\t\t<i aria-hidden=\"true\" class=\"eicon-chevron-left\"><\/i>\t\t\t\t\t<\/div>\n\t\t\t\t\t<div class=\"elementor-swiper-button elementor-swiper-button-next\" role=\"button\" tabindex=\"0\">\n\t\t\t\t\t\t<i aria-hidden=\"true\" class=\"eicon-chevron-right\"><\/i>\t\t\t\t\t<\/div>\n\t\t\t\t\n\t\t\t\t\t\t\t\t\t<\/div>\n\t\t\t\t\t\t<\/div>\n\t\t\t\t<\/div>\n\t\t\t\t\t<\/div>\n\t\t<\/div>\n\t\t\t\t\t<\/div>\n\t\t<\/section>\n\t\t\t\t<section class=\"elementor-section elementor-top-section elementor-element elementor-element-1b50db6a elementor-section-boxed elementor-section-height-default elementor-section-height-default\" data-id=\"1b50db6a\" data-element_type=\"section\" data-e-type=\"section\" data-settings=\"{&quot;background_background&quot;:&quot;classic&quot;}\">\n\t\t\t\t\t\t<div class=\"elementor-container elementor-column-gap-default\">\n\t\t\t\t\t<div class=\"elementor-column elementor-col-100 elementor-top-column elementor-element elementor-element-5b23d137\" data-id=\"5b23d137\" data-element_type=\"column\" data-e-type=\"column\">\n\t\t\t<div class=\"elementor-widget-wrap elementor-element-populated\">\n\t\t\t\t\t\t<div class=\"elementor-element elementor-element-2c5806d6 elementor-widget elementor-widget-spacer\" data-id=\"2c5806d6\" data-element_type=\"widget\" data-e-type=\"widget\" data-widget_type=\"spacer.default\">\n\t\t\t\t<div class=\"elementor-widget-container\">\n\t\t\t\t\t\t\t<div class=\"elementor-spacer\">\n\t\t\t<div class=\"elementor-spacer-inner\"><\/div>\n\t\t<\/div>\n\t\t\t\t\t\t<\/div>\n\t\t\t\t<\/div>\n\t\t\t\t<div class=\"elementor-element elementor-element-1f96fd14 elementor-widget elementor-widget-heading\" data-id=\"1f96fd14\" data-element_type=\"widget\" data-e-type=\"widget\" data-widget_type=\"heading.default\">\n\t\t\t\t<div class=\"elementor-widget-container\">\n\t\t\t\t\t<h2 class=\"elementor-heading-title elementor-size-default\">Our master events<\/h2>\t\t\t\t<\/div>\n\t\t\t\t<\/div>\n\t\t\t\t<div class=\"elementor-element elementor-element-fcc7ae2 elementor-widget elementor-widget-text-editor\" data-id=\"fcc7ae2\" data-element_type=\"widget\" data-e-type=\"widget\" data-widget_type=\"text-editor.default\">\n\t\t\t\t<div class=\"elementor-widget-container\">\n\t\t\t\t\t\t\t\t\t<p style=\"text-align: center;\">An experience that cannot be put into words, this will accompany you for a lifetime, you will tell your grandchildren about it.<\/p>\t\t\t\t\t\t\t\t<\/div>\n\t\t\t\t<\/div>\n\t\t\t\t<div class=\"elementor-element elementor-element-52aaf764 elementor-widget elementor-widget-spacer\" data-id=\"52aaf764\" data-element_type=\"widget\" data-e-type=\"widget\" data-widget_type=\"spacer.default\">\n\t\t\t\t<div class=\"elementor-widget-container\">\n\t\t\t\t\t\t\t<div class=\"elementor-spacer\">\n\t\t\t<div class=\"elementor-spacer-inner\"><\/div>\n\t\t<\/div>\n\t\t\t\t\t\t<\/div>\n\t\t\t\t<\/div>\n\t\t\t\t\t<\/div>\n\t\t<\/div>\n\t\t\t\t\t<\/div>\n\t\t<\/section>\n\t\t\t\t<\/div>","protected":false},"excerpt":{"rendered":"<p>ANGEBOTE Nachfolgend pr\u00e4sentieren wir ihnen aktuelle Angebote zu Reisen; Hardware odgl.. Mit uns, erleben sie ihren Traum! Hallo liebe\/r Golfer, sollten wir nachfolgend mit unseren Angeboten euer Interesse geweckt haben, dann meldet euch bitte sofort\u00a0 per E-Mail unter info@masters-reisen.de oder &hellip; <a href=\"https:\/\/masters-reisen.de\/en\/angebote\/\">Read More<\/a><\/p>","protected":false},"author":1,"featured_media":3276,"parent":0,"menu_order":0,"comment_status":"closed","ping_status":"closed","template":"","meta":{"footnotes":""},"class_list":["post-3048","page","type-page","status-publish","has-post-thumbnail","hentry"],"_links":{"self":[{"href":"https:\/\/masters-reisen.de\/en\/wp-json\/wp\/v2\/pages\/3048","targetHints":{"allow":["GET"]}}],"collection":[{"href":"https:\/\/masters-reisen.de\/en\/wp-json\/wp\/v2\/pages"}],"about":[{"href":"https:\/\/masters-reisen.de\/en\/wp-json\/wp\/v2\/types\/page"}],"author":[{"embeddable":true,"href":"https:\/\/masters-reisen.de\/en\/wp-json\/wp\/v2\/users\/1"}],"replies":[{"embeddable":true,"href":"https:\/\/masters-reisen.de\/en\/wp-json\/wp\/v2\/comments?post=3048"}],"version-history":[{"count":89,"href":"https:\/\/masters-reisen.de\/en\/wp-json\/wp\/v2\/pages\/3048\/revisions"}],"predecessor-version":[{"id":3454,"href":"https:\/\/masters-reisen.de\/en\/wp-json\/wp\/v2\/pages\/3048\/revisions\/3454"}],"wp:featuredmedia":[{"embeddable":true,"href":"https:\/\/masters-reisen.de\/en\/wp-json\/wp\/v2\/media\/3276"}],"wp:attachment":[{"href":"https:\/\/masters-reisen.de\/en\/wp-json\/wp\/v2\/media?parent=3048"}],"curies":[{"name":"wp","href":"https:\/\/api.w.org\/{rel}","templated":true}]}}