{"id":1081,"date":"2021-08-06T13:27:38","date_gmt":"2021-08-06T11:27:38","guid":{"rendered":"https:\/\/masters-reisen.de\/?page_id=1081"},"modified":"2024-12-19T11:27:28","modified_gmt":"2024-12-19T10:27:28","slug":"partner-membership-2","status":"publish","type":"page","link":"https:\/\/masters-reisen.de\/en\/partner-membership-2\/","title":{"rendered":"Partner\/Membership"},"content":{"rendered":"<div data-elementor-type=\"wp-page\" data-elementor-id=\"1081\" class=\"elementor elementor-1081\" data-elementor-post-type=\"page\">\n\t\t\t\t\t\t<section class=\"elementor-section elementor-top-section elementor-element elementor-element-170807e2 elementor-section-full_width elementor-section-height-default elementor-section-height-default\" data-id=\"170807e2\" data-element_type=\"section\" data-e-type=\"section\">\n\t\t\t\t\t\t<div class=\"elementor-container elementor-column-gap-default\">\n\t\t\t\t\t<div class=\"elementor-column elementor-col-100 elementor-top-column elementor-element elementor-element-513caad6\" data-id=\"513caad6\" data-element_type=\"column\" data-e-type=\"column\">\n\t\t\t<div class=\"elementor-widget-wrap\">\n\t\t\t\t\t\t\t<\/div>\n\t\t<\/div>\n\t\t\t\t\t<\/div>\n\t\t<\/section>\n\t\t\t\t<section class=\"elementor-section elementor-top-section elementor-element elementor-element-261b15f3 elementor-section-boxed elementor-section-height-default elementor-section-height-default\" data-id=\"261b15f3\" data-element_type=\"section\" data-e-type=\"section\">\n\t\t\t\t\t\t<div class=\"elementor-container elementor-column-gap-default\">\n\t\t\t\t\t<div class=\"elementor-column elementor-col-100 elementor-top-column elementor-element elementor-element-51d133ee\" data-id=\"51d133ee\" data-element_type=\"column\" data-e-type=\"column\">\n\t\t\t<div class=\"elementor-widget-wrap elementor-element-populated\">\n\t\t\t\t\t\t<div class=\"elementor-element elementor-element-300256b9 elementor--h-position-left elementor--v-position-top elementor-arrows-position-inside elementor-pagination-position-inside elementor-widget elementor-widget-slides\" data-id=\"300256b9\" data-element_type=\"widget\" data-e-type=\"widget\" data-settings=\"{&quot;navigation&quot;:&quot;both&quot;,&quot;autoplay&quot;:&quot;yes&quot;,&quot;pause_on_hover&quot;:&quot;yes&quot;,&quot;pause_on_interaction&quot;:&quot;yes&quot;,&quot;autoplay_speed&quot;:5000,&quot;infinite&quot;:&quot;yes&quot;,&quot;transition&quot;:&quot;slide&quot;,&quot;transition_speed&quot;:500}\" data-widget_type=\"slides.default\">\n\t\t\t\t<div class=\"elementor-widget-container\">\n\t\t\t\t\t\t\t\t\t<div class=\"elementor-swiper\">\n\t\t\t\t\t<div class=\"elementor-slides-wrapper elementor-main-swiper swiper\" role=\"region\" aria-roledescription=\"carousel\" aria-label=\"Slider\" dir=\"ltr\" data-animation=\"fadeInUp\">\n\t\t\t\t<div class=\"swiper-wrapper elementor-slides\">\n\t\t\t\t\t\t\t\t\t\t<div class=\"elementor-repeater-item-dd19b2d swiper-slide\" role=\"group\" aria-roledescription=\"slide\"><div class=\"swiper-slide-bg\" role=\"img\" aria-label=\"Intensives Training\"><\/div><div class=\"swiper-slide-inner\" ><div class=\"swiper-slide-contents\"><div class=\"elementor-slide-heading\">Our partnerships \/ memberships<\/div><\/div><\/div><\/div>\t\t\t\t<\/div>\n\t\t\t\t\t\t\t<\/div>\n\t\t\t\t<\/div>\n\t\t\t\t\t\t\t\t<\/div>\n\t\t\t\t<\/div>\n\t\t\t\t<div class=\"elementor-element elementor-element-8aa9d63 elementor-widget-divider--view-line elementor-widget elementor-widget-divider\" data-id=\"8aa9d63\" data-element_type=\"widget\" data-e-type=\"widget\" data-widget_type=\"divider.default\">\n\t\t\t\t<div class=\"elementor-widget-container\">\n\t\t\t\t\t\t\t<div class=\"elementor-divider\">\n\t\t\t<span class=\"elementor-divider-separator\">\n\t\t\t\t\t\t<\/span>\n\t\t<\/div>\n\t\t\t\t\t\t<\/div>\n\t\t\t\t<\/div>\n\t\t\t\t<div class=\"elementor-element elementor-element-5f38540 elementor-widget elementor-widget-text-editor\" data-id=\"5f38540\" data-element_type=\"widget\" data-e-type=\"widget\" data-widget_type=\"text-editor.default\">\n\t\t\t\t<div class=\"elementor-widget-container\">\n\t\t\t\t\t\t\t\t\t<p>Als professionelles Unternehmen welches sie in ihrem Golfspiel weiter bringen oder sie besondere Orte bzw. Anl\u00e4sse erlebbar machen m\u00f6chte, haben wir einige Mitgliedschaften in Verb\u00e4nden oder Vereinigungen.<\/p><p>Gern stehen wir ihnen als <strong>Ausr\u00fcstungs- und Fittingpartner von COBRA PUMA GOLF<\/strong> jederzeit f\u00fcr die Auswahl von Equipment zur Verf\u00fcgung.<a href=\"http:\/\/www.cobragolf.com\"><img decoding=\"async\" class=\"size-full wp-image-306 aligncenter\" src=\"https:\/\/masters-reisen.de\/wp-content\/uploads\/2021\/07\/LOGO_PUMA-COBRA_1.jpg\" alt=\"\" width=\"169\" height=\"13\" srcset=\"https:\/\/masters-reisen.de\/wp-content\/uploads\/2021\/07\/LOGO_PUMA-COBRA_1.jpg 169w, https:\/\/masters-reisen.de\/wp-content\/uploads\/2021\/07\/LOGO_PUMA-COBRA_1-150x13.jpg 150w\" sizes=\"(max-width: 169px) 100vw, 169px\" \/><\/a>Weiterhin sind wir official Partner:<\/p><p><img decoding=\"async\" class=\"wp-image-3148\" src=\"https:\/\/masters-reisen.de\/wp-content\/uploads\/2023\/07\/Logo_Legends_Tour.jpg\" alt=\"\" width=\"111\" height=\"61\" srcset=\"https:\/\/masters-reisen.de\/wp-content\/uploads\/2023\/07\/Logo_Legends_Tour.jpg 205w, https:\/\/masters-reisen.de\/wp-content\/uploads\/2023\/07\/Logo_Legends_Tour-18x10.jpg 18w, https:\/\/masters-reisen.de\/wp-content\/uploads\/2023\/07\/Logo_Legends_Tour-54x30.jpg 54w, https:\/\/masters-reisen.de\/wp-content\/uploads\/2023\/07\/Logo_Legends_Tour-145x80.jpg 145w\" sizes=\"(max-width: 111px) 100vw, 111px\" \/><\/p><p><img fetchpriority=\"high\" decoding=\"async\" class=\"size-full wp-image-3147 aligncenter\" src=\"https:\/\/masters-reisen.de\/wp-content\/uploads\/2023\/07\/Logo_FarmFoods_Senior_Masters.jpg\" alt=\"Farmfoods_Senior_Masters\" width=\"267\" height=\"189\" srcset=\"https:\/\/masters-reisen.de\/wp-content\/uploads\/2023\/07\/Logo_FarmFoods_Senior_Masters.jpg 267w, https:\/\/masters-reisen.de\/wp-content\/uploads\/2023\/07\/Logo_FarmFoods_Senior_Masters-18x12.jpg 18w, https:\/\/masters-reisen.de\/wp-content\/uploads\/2023\/07\/Logo_FarmFoods_Senior_Masters-42x30.jpg 42w, https:\/\/masters-reisen.de\/wp-content\/uploads\/2023\/07\/Logo_FarmFoods_Senior_Masters-113x80.jpg 113w\" sizes=\"(max-width: 267px) 100vw, 267px\" \/><\/p><p><a href=\"http:\/\/www.costakreuzfahrten.de\"><img loading=\"lazy\" decoding=\"async\" class=\"wp-image-2596 aligncenter\" src=\"https:\/\/masters-reisen.de\/wp-content\/uploads\/2022\/10\/CruiseGolf_Logo-300x199.jpg\" alt=\"\" width=\"95\" height=\"63\" srcset=\"https:\/\/masters-reisen.de\/wp-content\/uploads\/2022\/10\/CruiseGolf_Logo-300x199.jpg 300w, https:\/\/masters-reisen.de\/wp-content\/uploads\/2022\/10\/CruiseGolf_Logo-1024x678.jpg 1024w, https:\/\/masters-reisen.de\/wp-content\/uploads\/2022\/10\/CruiseGolf_Logo-768x509.jpg 768w, https:\/\/masters-reisen.de\/wp-content\/uploads\/2022\/10\/CruiseGolf_Logo-1536x1017.jpg 1536w, https:\/\/masters-reisen.de\/wp-content\/uploads\/2022\/10\/CruiseGolf_Logo-2048x1356.jpg 2048w, https:\/\/masters-reisen.de\/wp-content\/uploads\/2022\/10\/CruiseGolf_Logo-18x12.jpg 18w, https:\/\/masters-reisen.de\/wp-content\/uploads\/2022\/10\/CruiseGolf_Logo-45x30.jpg 45w, https:\/\/masters-reisen.de\/wp-content\/uploads\/2022\/10\/CruiseGolf_Logo-121x80.jpg 121w, https:\/\/masters-reisen.de\/wp-content\/uploads\/2022\/10\/CruiseGolf_Logo-394x261.jpg 394w, https:\/\/masters-reisen.de\/wp-content\/uploads\/2022\/10\/CruiseGolf_Logo-915x606.jpg 915w, https:\/\/masters-reisen.de\/wp-content\/uploads\/2022\/10\/CruiseGolf_Logo-1240x821.jpg 1240w, https:\/\/masters-reisen.de\/wp-content\/uploads\/2022\/10\/CruiseGolf_Logo-1631x1080.jpg 1631w\" sizes=\"(max-width: 95px) 100vw, 95px\" \/><\/a><span style=\"text-decoration: underline;\"><strong>Wir sind Member<\/strong><\/span><\/p><p><a href=\"https:\/\/internationalpga.com\"><strong style=\"color: #008000;\">PGA\u00a0 &#8211; International<\/strong><\/a><\/p><p><img loading=\"lazy\" decoding=\"async\" class=\"alignnone size-full wp-image-3408\" src=\"https:\/\/masters-reisen.de\/wp-content\/uploads\/2024\/12\/LOGO-PGA_International.jpg\" alt=\"\" width=\"150\" height=\"150\" srcset=\"https:\/\/masters-reisen.de\/wp-content\/uploads\/2024\/12\/LOGO-PGA_International.jpg 150w, https:\/\/masters-reisen.de\/wp-content\/uploads\/2024\/12\/LOGO-PGA_International-12x12.jpg 12w, https:\/\/masters-reisen.de\/wp-content\/uploads\/2024\/12\/LOGO-PGA_International-30x30.jpg 30w, https:\/\/masters-reisen.de\/wp-content\/uploads\/2024\/12\/LOGO-PGA_International-80x80.jpg 80w\" sizes=\"(max-width: 150px) 100vw, 150px\" \/><\/p><p><a href=\"https:\/\/www.rfegolf.es\"><strong style=\"color: #008000;\">Federation Golf de Espana<\/strong><\/a><\/p><p><img loading=\"lazy\" decoding=\"async\" class=\"wp-image-3409 aligncenter\" src=\"https:\/\/masters-reisen.de\/wp-content\/uploads\/2024\/12\/Unbenannt.png\" alt=\"\" width=\"35\" height=\"35\" srcset=\"https:\/\/masters-reisen.de\/wp-content\/uploads\/2024\/12\/Unbenannt.png 28w, https:\/\/masters-reisen.de\/wp-content\/uploads\/2024\/12\/Unbenannt-12x12.png 12w\" sizes=\"(max-width: 35px) 100vw, 35px\" \/><\/p>\t\t\t\t\t\t\t\t<\/div>\n\t\t\t\t<\/div>\n\t\t\t\t\t<\/div>\n\t\t<\/div>\n\t\t\t\t\t<\/div>\n\t\t<\/section>\n\t\t\t\t<\/div>","protected":false},"excerpt":{"rendered":"<p>Unsere Partnerschaften\/Memberships Als professionelles Unternehmen welches sie in ihrem Golfspiel weiter bringen oder sie besondere Orte bzw. Anl\u00e4sse erlebbar machen m\u00f6chte, haben wir einige Mitgliedschaften in Verb\u00e4nden oder Vereinigungen. Gern stehen wir ihnen als Ausr\u00fcstungs- und Fittingpartner von COBRA PUMA &hellip; <a href=\"https:\/\/masters-reisen.de\/en\/partner-membership-2\/\">Read More<\/a><\/p>","protected":false},"author":3,"featured_media":0,"parent":0,"menu_order":7,"comment_status":"closed","ping_status":"closed","template":"","meta":{"footnotes":""},"class_list":["post-1081","page","type-page","status-publish","hentry"],"_links":{"self":[{"href":"https:\/\/masters-reisen.de\/en\/wp-json\/wp\/v2\/pages\/1081","targetHints":{"allow":["GET"]}}],"collection":[{"href":"https:\/\/masters-reisen.de\/en\/wp-json\/wp\/v2\/pages"}],"about":[{"href":"https:\/\/masters-reisen.de\/en\/wp-json\/wp\/v2\/types\/page"}],"author":[{"embeddable":true,"href":"https:\/\/masters-reisen.de\/en\/wp-json\/wp\/v2\/users\/3"}],"replies":[{"embeddable":true,"href":"https:\/\/masters-reisen.de\/en\/wp-json\/wp\/v2\/comments?post=1081"}],"version-history":[{"count":60,"href":"https:\/\/masters-reisen.de\/en\/wp-json\/wp\/v2\/pages\/1081\/revisions"}],"predecessor-version":[{"id":3412,"href":"https:\/\/masters-reisen.de\/en\/wp-json\/wp\/v2\/pages\/1081\/revisions\/3412"}],"wp:attachment":[{"href":"https:\/\/masters-reisen.de\/en\/wp-json\/wp\/v2\/media?parent=1081"}],"curies":[{"name":"wp","href":"https:\/\/api.w.org\/{rel}","templated":true}]}}